{"id":7341,"date":"2024-09-07T00:00:25","date_gmt":"2024-09-07T03:00:25","guid":{"rendered":"https:\/\/umbrella7.cl\/?page_id=7341"},"modified":"2024-10-12T02:01:29","modified_gmt":"2024-10-12T05:01:29","slug":"pro-aging","status":"publish","type":"page","link":"https:\/\/umbrella7.cl\/en\/pro-aging\/","title":{"rendered":"PRO-AGING"},"content":{"rendered":"<div data-elementor-type=\"wp-page\" data-elementor-id=\"7341\" class=\"elementor elementor-7341\">\n\t\t\t\t\t\t<section class=\"elementor-section elementor-top-section elementor-element elementor-element-041f5de elementor-hidden-desktop elementor-hidden-tablet elementor-hidden-mobile_extra elementor-hidden-mobile elementor-section-boxed elementor-section-height-default elementor-section-height-default\" data-id=\"041f5de\" data-element_type=\"section\">\n\t\t\t\t\t\t<div class=\"elementor-container elementor-column-gap-default\">\n\t\t\t\t\t<div class=\"elementor-column elementor-col-50 elementor-top-column elementor-element elementor-element-201a4c4\" data-id=\"201a4c4\" data-element_type=\"column\">\n\t\t\t<div class=\"elementor-widget-wrap elementor-element-populated\">\n\t\t\t\t\t\t<div class=\"elementor-element elementor-element-4786477 elementor-widget elementor-widget-html\" data-id=\"4786477\" data-element_type=\"widget\" data-widget_type=\"html.default\">\n\t\t\t\t<div class=\"elementor-widget-container\">\n\t\t\t<!DOCTYPE html>\n<html lang=\"es\">\n<head>\n    <meta charset=\"UTF-8\">\n    <meta name=\"viewport\" content=\"width=device-width, initial-scale=.5\">\n    <title>Vertical Image Carousel<\/title>\n    <style>\n        * {\n            box-sizing: border-box;\n        }\n        body {\n            font-family: Montserrat, sans-serif;\n        }\n        .carousel-container {\n            display: flex;\n            align-items: center;\n            justify-content: center;\n            height: 65vh;\n        }\n        .thumbnails {\n            display: flex;\n            flex-direction: column;\n            width: 100px;\n            overflow-y: auto;\n            height: 500px;\n            margin-right: 20px;\n        }\n        .thumbnails img {\n            width: 100%;\n            cursor: pointer;\n            margin-bottom: 20px;\n        }\n        .main-image img {\n            max-width: 500px;\n            max-height: 500px;\n            object-fit: contain;\n        }\n        \n    <\/style>\n<\/head>\n<body>\n\n<div class=\"carousel-container\">\n    <div class=\"thumbnails\">\n        <img decoding=\"async\" src=\"https:\/\/umbrella7.cl\/wp-content\/uploads\/2024\/10\/ATTITUDE-Face-Serum-Application_en_33cedb36-55c2-4c9d-ada7-13a2f41a91ec.jpg\" onclick=\"changeImage('https:\/\/umbrella7.cl\/wp-content\/uploads\/2024\/10\/ATTITUDE-Face-Serum-Application_en_33cedb36-55c2-4c9d-ada7-13a2f41a91ec.jpg')\" alt=\"thumb1\">\n        <img decoding=\"async\" src=\"https:\/\/umbrella7.cl\/wp-content\/uploads\/2024\/10\/ATTITUDE-Oceanly-Phyto-Age-Anti-Aging-Serum-Unscented-30g-16061_en_hover.jpg\" onclick=\"changeImage('https:\/\/umbrella7.cl\/wp-content\/uploads\/2024\/10\/ATTITUDE-Oceanly-Phyto-Age-Anti-Aging-Serum-Unscented-30g-16061_en_hover.jpg')\" alt=\"thumb2\">\n        <img decoding=\"async\" src=\"https:\/\/umbrella7.cl\/wp-content\/uploads\/2024\/10\/serum-age-1.jpg\" onclick=\"changeImage('https:\/\/umbrella7.cl\/wp-content\/uploads\/2024\/10\/serum-age-1.jpg')\" alt=\"thumb3\">\n        <img decoding=\"async\" src=\"https:\/\/umbrella7.cl\/wp-content\/uploads\/2024\/10\/Artboard-1@0.5x.png\" onclick=\"changeImage('https:\/\/umbrella7.cl\/wp-content\/uploads\/2024\/10\/Artboard-1@0.5x.png')\" alt=\"thumb4\">\n        <img decoding=\"async\" src=\"https:\/\/umbrella7.cl\/wp-content\/uploads\/2024\/10\/serum-age-2.jpg\" onclick=\"changeImage('https:\/\/umbrella7.cl\/wp-content\/uploads\/2024\/10\/serum-age-2.jpg')\" alt=\"thumb2\">\n    <\/div>\n    <div class=\"main-image\">\n        <img decoding=\"async\" id=\"mainImage\" src=\"https:\/\/umbrella7.cl\/wp-content\/uploads\/2024\/10\/serum-age-1.jpg\" onclick=\"changeImage('https:\/\/umbrella7.cl\/wp-content\/uploads\/2024\/10\/serum-age-1.jpg'\" alt=\"main\">\n    <\/div>\n<\/div>\n\n<script>\n    function changeImage(image) {\n        document.getElementById('mainImage').src = image;\n    }\n<\/script>\n\n<\/body>\n<\/html>\t\t<\/div>\n\t\t\t\t<\/div>\n\t\t\t\t\t<\/div>\n\t\t<\/div>\n\t\t\t\t<div class=\"elementor-column elementor-col-50 elementor-top-column elementor-element elementor-element-a929c35\" data-id=\"a929c35\" data-element_type=\"column\">\n\t\t\t<div class=\"elementor-widget-wrap elementor-element-populated\">\n\t\t\t\t\t\t<div class=\"elementor-element elementor-element-02457de elementor-widget elementor-widget-html\" data-id=\"02457de\" data-element_type=\"widget\" data-widget_type=\"html.default\">\n\t\t\t\t<div class=\"elementor-widget-container\">\n\t\t\t<h1 style=\"font-size: 17px; font-family: 'Montserrat', sans-serif; color: #005750;font-weight: regular;\">Oceanly pro-aging<br>\n<h1 style=\"font-size: 50px; font-family: 'Montserrat', sans-serif; color: #005750;font-weight: bold;\">Pro-Aging\n<br>\n<h1 style=\"font-size: 15px; font-family: 'Montserrat', sans-serif; color: #005750;font-weight: regular;\"> F\u00f3rmula s\u00f3lida de \u00faltima generaci\u00f3n que combina fitoglic\u00f3geno, p\u00e9ptidos y extracto de berro para suavizar las huellas del tiempo en la piel madura y envejecida.\n<br>\n<br>\n<h1 style=\"font-size: 15px; font-family: 'Montserrat', sans-serif; color: #005750;font-weight: regular;margin-: 20px;\"> Ingredientes Claves:\t\t<\/div>\n\t\t\t\t<\/div>\n\t\t\t\t<section class=\"elementor-section elementor-inner-section elementor-element elementor-element-cc94cd2 elementor-section-boxed elementor-section-height-default elementor-section-height-default\" data-id=\"cc94cd2\" data-element_type=\"section\">\n\t\t\t\t\t\t<div class=\"elementor-container elementor-column-gap-default\">\n\t\t\t\t\t<div class=\"elementor-column elementor-col-33 elementor-inner-column elementor-element elementor-element-dc93ffc\" data-id=\"dc93ffc\" data-element_type=\"column\">\n\t\t\t<div class=\"elementor-widget-wrap elementor-element-populated\">\n\t\t\t\t\t\t<div class=\"elementor-element elementor-element-0ee92a7 elementor-widget elementor-widget-image\" data-id=\"0ee92a7\" data-element_type=\"widget\" data-widget_type=\"image.default\">\n\t\t\t\t<div class=\"elementor-widget-container\">\n\t\t\t\t\t\t\t\t\t\t\t\t\t<img fetchpriority=\"high\" decoding=\"async\" width=\"1160\" height=\"1160\" src=\"https:\/\/umbrella7.cl\/wp-content\/uploads\/2024\/10\/attitude-face-care-ingredients-peptides-1520x1520.webp\" class=\"attachment-large size-large wp-image-7413\" alt=\"\" srcset=\"https:\/\/umbrella7.cl\/wp-content\/uploads\/2024\/10\/attitude-face-care-ingredients-peptides-1520x1520.webp 1520w, https:\/\/umbrella7.cl\/wp-content\/uploads\/2024\/10\/attitude-face-care-ingredients-peptides-460x460.webp 460w, https:\/\/umbrella7.cl\/wp-content\/uploads\/2024\/10\/attitude-face-care-ingredients-peptides-115x115.webp 115w, https:\/\/umbrella7.cl\/wp-content\/uploads\/2024\/10\/attitude-face-care-ingredients-peptides-760x760.webp 760w, https:\/\/umbrella7.cl\/wp-content\/uploads\/2024\/10\/attitude-face-care-ingredients-peptides-1536x1536.webp 1536w, https:\/\/umbrella7.cl\/wp-content\/uploads\/2024\/10\/attitude-face-care-ingredients-peptides-12x12.webp 12w, https:\/\/umbrella7.cl\/wp-content\/uploads\/2024\/10\/attitude-face-care-ingredients-peptides-920x920.webp 920w, https:\/\/umbrella7.cl\/wp-content\/uploads\/2024\/10\/attitude-face-care-ingredients-peptides-145x145.webp 145w, https:\/\/umbrella7.cl\/wp-content\/uploads\/2024\/10\/attitude-face-care-ingredients-peptides-290x290.webp 290w, https:\/\/umbrella7.cl\/wp-content\/uploads\/2024\/10\/attitude-face-care-ingredients-peptides.webp 2000w\" sizes=\"(max-width: 1160px) 100vw, 1160px\" \/>\t\t\t\t\t\t\t\t\t\t\t\t\t<\/div>\n\t\t\t\t<\/div>\n\t\t\t\t<div class=\"elementor-element elementor-element-31b268e elementor-widget elementor-widget-html\" data-id=\"31b268e\" data-element_type=\"widget\" data-widget_type=\"html.default\">\n\t\t\t\t<div class=\"elementor-widget-container\">\n\t\t\t<h1 style=\"font-size: 11px; font-family: 'Montserrat', sans-serif; color: #005750;text-align: center;font-weight: bold;\"> P\u00c9PTIDOS\t\t<\/div>\n\t\t\t\t<\/div>\n\t\t\t\t\t<\/div>\n\t\t<\/div>\n\t\t\t\t<div class=\"elementor-column elementor-col-33 elementor-inner-column elementor-element elementor-element-374a507\" data-id=\"374a507\" data-element_type=\"column\">\n\t\t\t<div class=\"elementor-widget-wrap elementor-element-populated\">\n\t\t\t\t\t\t<div class=\"elementor-element elementor-element-616e4ad elementor-widget elementor-widget-image\" data-id=\"616e4ad\" data-element_type=\"widget\" data-widget_type=\"image.default\">\n\t\t\t\t<div class=\"elementor-widget-container\">\n\t\t\t\t\t\t\t\t\t\t\t\t\t<img decoding=\"async\" width=\"1160\" height=\"1160\" src=\"https:\/\/umbrella7.cl\/wp-content\/uploads\/2024\/10\/attitude-face-care-ingredients-phytoglycogen-1520x1520.webp\" class=\"attachment-large size-large wp-image-7414\" alt=\"\" srcset=\"https:\/\/umbrella7.cl\/wp-content\/uploads\/2024\/10\/attitude-face-care-ingredients-phytoglycogen-1520x1520.webp 1520w, https:\/\/umbrella7.cl\/wp-content\/uploads\/2024\/10\/attitude-face-care-ingredients-phytoglycogen-460x460.webp 460w, https:\/\/umbrella7.cl\/wp-content\/uploads\/2024\/10\/attitude-face-care-ingredients-phytoglycogen-115x115.webp 115w, https:\/\/umbrella7.cl\/wp-content\/uploads\/2024\/10\/attitude-face-care-ingredients-phytoglycogen-760x760.webp 760w, https:\/\/umbrella7.cl\/wp-content\/uploads\/2024\/10\/attitude-face-care-ingredients-phytoglycogen-1536x1536.webp 1536w, https:\/\/umbrella7.cl\/wp-content\/uploads\/2024\/10\/attitude-face-care-ingredients-phytoglycogen-12x12.webp 12w, https:\/\/umbrella7.cl\/wp-content\/uploads\/2024\/10\/attitude-face-care-ingredients-phytoglycogen-920x920.webp 920w, https:\/\/umbrella7.cl\/wp-content\/uploads\/2024\/10\/attitude-face-care-ingredients-phytoglycogen-145x145.webp 145w, https:\/\/umbrella7.cl\/wp-content\/uploads\/2024\/10\/attitude-face-care-ingredients-phytoglycogen-290x290.webp 290w, https:\/\/umbrella7.cl\/wp-content\/uploads\/2024\/10\/attitude-face-care-ingredients-phytoglycogen.webp 2000w\" sizes=\"(max-width: 1160px) 100vw, 1160px\" \/>\t\t\t\t\t\t\t\t\t\t\t\t\t<\/div>\n\t\t\t\t<\/div>\n\t\t\t\t<div class=\"elementor-element elementor-element-88783ac elementor-widget elementor-widget-html\" data-id=\"88783ac\" data-element_type=\"widget\" data-widget_type=\"html.default\">\n\t\t\t\t<div class=\"elementor-widget-container\">\n\t\t\t<h1 style=\"font-size: 11px; font-family: 'Montserrat', sans-serif; color: #005750;text-align: center;font-weight: bold;\"> FITO GLUCOGENO\t\t<\/div>\n\t\t\t\t<\/div>\n\t\t\t\t\t<\/div>\n\t\t<\/div>\n\t\t\t\t<div class=\"elementor-column elementor-col-33 elementor-inner-column elementor-element elementor-element-d66f14c\" data-id=\"d66f14c\" data-element_type=\"column\">\n\t\t\t<div class=\"elementor-widget-wrap elementor-element-populated\">\n\t\t\t\t\t\t<div class=\"elementor-element elementor-element-3767d48 elementor-widget elementor-widget-image\" data-id=\"3767d48\" data-element_type=\"widget\" data-widget_type=\"image.default\">\n\t\t\t\t<div class=\"elementor-widget-container\">\n\t\t\t\t\t\t\t\t\t\t\t\t\t<img decoding=\"async\" width=\"1160\" height=\"1160\" src=\"https:\/\/umbrella7.cl\/wp-content\/uploads\/2024\/10\/attitude-face-care-ingredients-watercress-1520x1520.webp\" class=\"attachment-large size-large wp-image-7415\" alt=\"\" srcset=\"https:\/\/umbrella7.cl\/wp-content\/uploads\/2024\/10\/attitude-face-care-ingredients-watercress-1520x1520.webp 1520w, https:\/\/umbrella7.cl\/wp-content\/uploads\/2024\/10\/attitude-face-care-ingredients-watercress-460x460.webp 460w, https:\/\/umbrella7.cl\/wp-content\/uploads\/2024\/10\/attitude-face-care-ingredients-watercress-115x115.webp 115w, https:\/\/umbrella7.cl\/wp-content\/uploads\/2024\/10\/attitude-face-care-ingredients-watercress-760x760.webp 760w, https:\/\/umbrella7.cl\/wp-content\/uploads\/2024\/10\/attitude-face-care-ingredients-watercress-1536x1536.webp 1536w, https:\/\/umbrella7.cl\/wp-content\/uploads\/2024\/10\/attitude-face-care-ingredients-watercress-12x12.webp 12w, https:\/\/umbrella7.cl\/wp-content\/uploads\/2024\/10\/attitude-face-care-ingredients-watercress-920x920.webp 920w, https:\/\/umbrella7.cl\/wp-content\/uploads\/2024\/10\/attitude-face-care-ingredients-watercress-145x145.webp 145w, https:\/\/umbrella7.cl\/wp-content\/uploads\/2024\/10\/attitude-face-care-ingredients-watercress-290x290.webp 290w, https:\/\/umbrella7.cl\/wp-content\/uploads\/2024\/10\/attitude-face-care-ingredients-watercress.webp 2000w\" sizes=\"(max-width: 1160px) 100vw, 1160px\" \/>\t\t\t\t\t\t\t\t\t\t\t\t\t<\/div>\n\t\t\t\t<\/div>\n\t\t\t\t<div class=\"elementor-element elementor-element-2c465da elementor-widget elementor-widget-html\" data-id=\"2c465da\" data-element_type=\"widget\" data-widget_type=\"html.default\">\n\t\t\t\t<div class=\"elementor-widget-container\">\n\t\t\t<h1 style=\"font-size: 11px; font-family: 'Montserrat', sans-serif; color: #005750;text-align: center;font-weight: bold;\"> BERRO DE AGUA\t\t<\/div>\n\t\t\t\t<\/div>\n\t\t\t\t\t<\/div>\n\t\t<\/div>\n\t\t\t\t\t<\/div>\n\t\t<\/section>\n\t\t\t\t<div class=\"elementor-element elementor-element-3c3e716 elementor-widget elementor-widget-spacer\" data-id=\"3c3e716\" data-element_type=\"widget\" data-widget_type=\"spacer.default\">\n\t\t\t\t<div class=\"elementor-widget-container\">\n\t\t\t\t\t<div class=\"elementor-spacer\">\n\t\t\t<div class=\"elementor-spacer-inner\"><\/div>\n\t\t<\/div>\n\t\t\t\t<\/div>\n\t\t\t\t<\/div>\n\t\t\t\t<section class=\"elementor-section elementor-inner-section elementor-element elementor-element-b213345 elementor-section-boxed elementor-section-height-default elementor-section-height-default\" data-id=\"b213345\" data-element_type=\"section\">\n\t\t\t\t\t\t<div class=\"elementor-container elementor-column-gap-default\">\n\t\t\t\t\t<div class=\"elementor-column elementor-col-25 elementor-inner-column elementor-element elementor-element-e9326f4\" data-id=\"e9326f4\" data-element_type=\"column\">\n\t\t\t<div class=\"elementor-widget-wrap\">\n\t\t\t\t\t\t\t<\/div>\n\t\t<\/div>\n\t\t\t\t<div class=\"elementor-column elementor-col-25 elementor-inner-column elementor-element elementor-element-c77e9d1\" data-id=\"c77e9d1\" data-element_type=\"column\">\n\t\t\t<div class=\"elementor-widget-wrap elementor-element-populated\">\n\t\t\t\t\t\t<div class=\"elementor-element elementor-element-9e3bd57 elementor-align-center elementor-widget elementor-widget-button\" data-id=\"9e3bd57\" data-element_type=\"widget\" data-widget_type=\"button.default\">\n\t\t\t\t<div class=\"elementor-widget-container\">\n\t\t\t\t\t<div class=\"elementor-button-wrapper\">\n\t\t\t<a class=\"elementor-button elementor-button-link elementor-size-sm\" href=\"#\">\n\t\t\t\t\t\t<span class=\"elementor-button-content-wrapper\">\n\t\t\t\t\t\t\t\t\t<span class=\"elementor-button-text\">Buy<\/span>\n\t\t\t\t\t<\/span>\n\t\t\t\t\t<\/a>\n\t\t<\/div>\n\t\t\t\t<\/div>\n\t\t\t\t<\/div>\n\t\t\t\t\t<\/div>\n\t\t<\/div>\n\t\t\t\t<div class=\"elementor-column elementor-col-50 elementor-inner-column elementor-element elementor-element-ab78dc0\" data-id=\"ab78dc0\" data-element_type=\"column\">\n\t\t\t<div class=\"elementor-widget-wrap\">\n\t\t\t\t\t\t\t<\/div>\n\t\t<\/div>\n\t\t\t\t\t<\/div>\n\t\t<\/section>\n\t\t\t\t\t<\/div>\n\t\t<\/div>\n\t\t\t\t\t<\/div>\n\t\t<\/section>\n\t\t\t\t<section class=\"elementor-section elementor-top-section elementor-element elementor-element-9586005 elementor-section-boxed elementor-section-height-default elementor-section-height-default\" data-id=\"9586005\" data-element_type=\"section\">\n\t\t\t\t\t\t<div class=\"elementor-container elementor-column-gap-default\">\n\t\t\t\t\t<div class=\"elementor-column elementor-col-100 elementor-top-column elementor-element elementor-element-af642d0\" data-id=\"af642d0\" data-element_type=\"column\">\n\t\t\t<div class=\"elementor-widget-wrap elementor-element-populated\">\n\t\t\t\t\t\t<div class=\"elementor-element elementor-element-1227347 elementor-widget-divider--view-line elementor-widget elementor-widget-divider\" data-id=\"1227347\" data-element_type=\"widget\" data-widget_type=\"divider.default\">\n\t\t\t\t<div class=\"elementor-widget-container\">\n\t\t\t\t\t<div class=\"elementor-divider\">\n\t\t\t<span class=\"elementor-divider-separator\">\n\t\t\t\t\t\t<\/span>\n\t\t<\/div>\n\t\t\t\t<\/div>\n\t\t\t\t<\/div>\n\t\t\t\t\t<\/div>\n\t\t<\/div>\n\t\t\t\t\t<\/div>\n\t\t<\/section>\n\t\t\t\t<section class=\"elementor-section elementor-top-section elementor-element elementor-element-6e6f75d elementor-section-boxed elementor-section-height-default elementor-section-height-default\" data-id=\"6e6f75d\" data-element_type=\"section\">\n\t\t\t\t\t\t<div class=\"elementor-container elementor-column-gap-default\">\n\t\t\t\t\t<div class=\"elementor-column elementor-col-100 elementor-top-column elementor-element elementor-element-667d19a\" data-id=\"667d19a\" data-element_type=\"column\">\n\t\t\t<div class=\"elementor-widget-wrap elementor-element-populated\">\n\t\t\t\t\t\t<div class=\"elementor-element elementor-element-74a9ff9 elementor-widget elementor-widget-html\" data-id=\"74a9ff9\" data-element_type=\"widget\" data-widget_type=\"html.default\">\n\t\t\t\t<div class=\"elementor-widget-container\">\n\t\t\t<!DOCTYPE html>\n<html lang=\"es\">\n<head>\n    <meta charset=\"UTF-8\">\n    <meta name=\"viewport\" content=\"width=device-width, initial-scale=1.0\">\n    <title>Vertical Image Carousel<\/title>\n    <style>\n        * {\n            box-sizing: border-box;\n        }\n        body {\n            font-family: Montserrat, sans-serif;\n        }\n        .carousel-container {\n            display: flex;\n            align-items: center;\n            justify-content: center;\n            height: 65vh; \/* Altura predeterminada para pantallas grandes *\/\n            flex-direction: row; \/* Thumbnails a la izquierda por defecto *\/\n        }\n        .thumbnails {\n            display: flex;\n            flex-direction: column;\n            width: 100px;\n            overflow-y: auto;\n            height: 500px;\n            margin-right: 20px;\n        }\n        .thumbnails img {\n            width: 100%;\n            cursor: pointer;\n            margin-bottom: 20px;\n        }\n        .main-image img {\n            max-width: 500px;\n            max-height: 500px;\n            object-fit: contain;\n        }\n\n        \/* Ajustes para tablets y celulares en formato horizontal *\/\n        @media (max-width: 1024px) and (orientation: landscape) {\n            .carousel-container {\n                flex-direction: row; \/* Alinear thumbnails a la izquierda *\/\n                height: 45vh; \/* Ajustar altura para pantallas horizontales *\/\n            }\n            .thumbnails {\n                flex-direction: column; \/* Mantener thumbnails en columna *\/\n                width: 120px; \/* Ancho de los thumbnails *\/\n                height: 300px; \/* Altura de los thumbnails *\/\n                margin-right: 20px; \/* Margen a la derecha *\/\n                overflow-y: auto; \/* Habilitar desplazamiento vertical *\/\n            }\n            .main-image img {\n                max-width: 100%; \/* Asegurar que la imagen principal no exceda el contenedor *\/\n                max-height: 300px; \/* Limitar la altura de la imagen principal *\/\n            }\n        }\n\n        \/* Ajustes para m\u00f3viles en formato vertical *\/\n        @media (max-width: 768px) and (orientation: portrait) {\n            .carousel-container {\n                flex-direction: column-reverse; \/* Thumbnails debajo de la imagen *\/\n                height: 55vh; \/* Ajustar la altura para m\u00f3viles verticales *\/\n                align-items: center; \/* Centrar horizontalmente *\/\n            }\n            .thumbnails {\n                flex-direction: row; \/* Thumbnails en fila para m\u00f3viles *\/\n                width: auto; \/* Ancho autom\u00e1tico *\/\n                height: auto; \/* Altura autom\u00e1tica *\/\n                margin-top: 10px; \/* Separaci\u00f3n entre imagen principal y thumbnails *\/\n                overflow-x: auto; \/* Habilitar desplazamiento horizontal *\/\n                justify-content: center; \/* Centrar los thumbnails *\/\n            }\n            .thumbnails img {\n                width: 80px; \/* Ajustar tama\u00f1o de las miniaturas *\/\n                margin-bottom: 0;\n                margin-right: 10px;\n            }\n            .main-image img {\n                max-width: 100%;\n                max-height: 300px; \/* Reducir el tama\u00f1o de la imagen principal para m\u00f3viles *\/\n            }\n        }\n\n        \/* Ajustes para pantallas grandes (Computadoras) *\/\n        @media (min-width: 1024px) {\n            .carousel-container {\n                flex-direction: row;\n                height: 65vh; \/* Mantener la altura m\u00e1s grande para computadoras *\/\n            }\n            .thumbnails {\n                width: 100px;\n                height: 500px;\n            }\n            .main-image img {\n                max-width: 500px;\n                max-height: 500px;\n            }\n        }\n    <\/style>\n<\/head>\n<body>\n\n<!-- Carrusel de im\u00e1genes -->\n<div class=\"carousel-container\" id=\"Carousel2\">\n    <div class=\"thumbnails\">\n        <img decoding=\"async\" src=\"https:\/\/umbrella7.cl\/wp-content\/uploads\/2024\/10\/dishwashing-1.jpg\" onclick=\"changeImagetab2('https:\/\/umbrella7.cl\/wp-content\/uploads\/2024\/10\/dishwashing-1.jpg')\" alt=\"thumb1\">\n        <img decoding=\"async\" src=\"https:\/\/umbrella7.cl\/wp-content\/uploads\/2024\/10\/dishwashing-2.jpg\" onclick=\"changeImagetab2('https:\/\/umbrella7.cl\/wp-content\/uploads\/2024\/10\/dishwashing-2.jpg')\" alt=\"thumb2\">\n        <img decoding=\"async\" src=\"https:\/\/umbrella7.cl\/wp-content\/uploads\/2024\/10\/babylv.png\" onclick=\"changeImagetab2('https:\/\/umbrella7.cl\/wp-content\/uploads\/2024\/10\/babylv.png')\" alt=\"thumb3\">\n    <\/div>\n    <div class=\"main-image\">\n        <img decoding=\"async\" id=\"mainImagetab2\" src=\"https:\/\/umbrella7.cl\/wp-content\/uploads\/2024\/10\/dishwashing-1.jpg\" alt=\"main2\">\n    <\/div>\n<\/div>\n\n<script>\n    function changeImagetab2(image) {\n        document.getElementById('mainImagetab2').src = image;\n    }\n<\/script>\n\n<\/body>\n<\/html>\n\t\t<\/div>\n\t\t\t\t<\/div>\n\t\t\t\t\t<\/div>\n\t\t<\/div>\n\t\t\t\t\t<\/div>\n\t\t<\/section>\n\t\t\t\t<\/div>","protected":false},"excerpt":{"rendered":"<p>&nbsp; Oceanly pro-aging Pro-Aging F\u00f3rmula s\u00f3lida de \u00faltima generaci\u00f3n que combina fitoglic\u00f3geno, p\u00e9ptidos y extracto de berro para suavizar las huellas del&hellip;<\/p>","protected":false},"author":300,"featured_media":0,"parent":0,"menu_order":0,"comment_status":"closed","ping_status":"closed","template":"elementor_header_footer","meta":{"footnotes":""},"_links":{"self":[{"href":"https:\/\/umbrella7.cl\/en\/wp-json\/wp\/v2\/pages\/7341"}],"collection":[{"href":"https:\/\/umbrella7.cl\/en\/wp-json\/wp\/v2\/pages"}],"about":[{"href":"https:\/\/umbrella7.cl\/en\/wp-json\/wp\/v2\/types\/page"}],"author":[{"embeddable":true,"href":"https:\/\/umbrella7.cl\/en\/wp-json\/wp\/v2\/users\/300"}],"replies":[{"embeddable":true,"href":"https:\/\/umbrella7.cl\/en\/wp-json\/wp\/v2\/comments?post=7341"}],"version-history":[{"count":84,"href":"https:\/\/umbrella7.cl\/en\/wp-json\/wp\/v2\/pages\/7341\/revisions"}],"predecessor-version":[{"id":8070,"href":"https:\/\/umbrella7.cl\/en\/wp-json\/wp\/v2\/pages\/7341\/revisions\/8070"}],"wp:attachment":[{"href":"https:\/\/umbrella7.cl\/en\/wp-json\/wp\/v2\/media?parent=7341"}],"curies":[{"name":"wp","href":"https:\/\/api.w.org\/{rel}","templated":true}]}}