{"id":2968,"date":"2021-11-01T20:08:11","date_gmt":"2021-11-01T23:08:11","guid":{"rendered":"https:\/\/umbrella7.cl\/?page_id=2968"},"modified":"2021-11-01T20:12:49","modified_gmt":"2021-11-01T23:12:49","slug":"politica-de-privacidad","status":"publish","type":"page","link":"https:\/\/umbrella7.cl\/en\/politica-de-privacidad\/","title":{"rendered":"Privacy Policy"},"content":{"rendered":"<div data-elementor-type=\"wp-page\" data-elementor-id=\"2968\" class=\"elementor elementor-2968\">\n\t\t\t\t\t\t<section class=\"elementor-section elementor-top-section elementor-element elementor-element-91e4da2 elementor-section-boxed elementor-section-height-default elementor-section-height-default\" data-id=\"91e4da2\" data-element_type=\"section\">\n\t\t\t\t\t\t<div class=\"elementor-container elementor-column-gap-default\">\n\t\t\t\t\t<div class=\"elementor-column elementor-col-100 elementor-top-column elementor-element elementor-element-bdb315a\" data-id=\"bdb315a\" data-element_type=\"column\">\n\t\t\t<div class=\"elementor-widget-wrap elementor-element-populated\">\n\t\t\t\t\t\t<div class=\"elementor-element elementor-element-3b78422 elementor-widget elementor-widget-text-editor\" data-id=\"3b78422\" data-element_type=\"widget\" data-widget_type=\"text-editor.default\">\n\t\t\t\t<div class=\"elementor-widget-container\">\n\t\t\t\t\t\t\t<p class=\"MsoNormal\" style=\"margin: 0cm; font-size: 12pt; font-family: Cambria, serif; color: #000000; letter-spacing: normal; text-align: justify;\"><span lang=\"ES-CL\" style=\"font-family: Helvetica; color: gray;\">Umbrella7 valora su privacidad y estamos comprometidos a proteger la informaci\u00f3n personal que recogemos en el transcurso de nuestra relaci\u00f3n comercial con usted. Esta pol\u00edtica de privacidad revela las pr\u00e1cticas de privacidad para umbrella7.cl . Esta pol\u00edtica de privacidad se aplica \u00fanicamente a la informaci\u00f3n recogida por este sitio web. Se le notificar\u00e1 de lo siguiente:<\/span><\/p><p class=\"MsoNormal\" style=\"margin: 0cm; font-size: 12pt; font-family: Cambria, serif; color: #000000; letter-spacing: normal; text-align: justify;\"><span lang=\"ES-CL\" style=\"font-family: Helvetica; color: gray;\">\u00a0<\/span><\/p><p class=\"MsoNormal\" style=\"margin: 0cm; font-size: 12pt; font-family: Cambria, serif; color: #000000; letter-spacing: normal; text-align: justify;\"><span lang=\"ES-CL\" style=\"font-family: Helvetica; color: gray;\">Qu\u00e9 informaci\u00f3n de identificaci\u00f3n personal se recopila a trav\u00e9s del sitio web, c\u00f3mo se utiliza y con qui\u00e9n puede ser compartida.<\/span><\/p><p class=\"MsoNormal\" style=\"margin: 0cm; font-size: 12pt; font-family: Cambria, serif; color: #000000; letter-spacing: normal; text-align: justify;\"><span lang=\"ES-CL\" style=\"font-family: Helvetica; color: gray;\">Qu\u00e9 opciones est\u00e1n disponibles para usted con respecto al uso de sus datos.<\/span><\/p><p class=\"MsoNormal\" style=\"margin: 0cm; font-size: 12pt; font-family: Cambria, serif; color: #000000; letter-spacing: normal; text-align: justify;\"><span lang=\"ES-CL\" style=\"font-family: Helvetica; color: gray;\">Los procedimientos de seguridad en el lugar para proteger el mal uso de su informaci\u00f3n.<\/span><\/p><p class=\"MsoNormal\" style=\"margin: 0cm; font-size: 12pt; font-family: Cambria, serif; color: #000000; letter-spacing: normal; text-align: justify;\"><span lang=\"ES-CL\" style=\"font-family: Helvetica; color: gray;\">C\u00f3mo se puede corregir cualquier inexactitud en la informaci\u00f3n.<\/span><\/p><p class=\"MsoNormal\" style=\"margin: 0cm; font-size: 12pt; font-family: Cambria, serif; color: #000000; letter-spacing: normal; text-align: justify;\"><span lang=\"ES-CL\" style=\"font-family: Helvetica; color: red;\">\u00a0<\/span><\/p><p class=\"MsoNormal\" style=\"margin: 0cm; font-size: 12pt; font-family: Cambria, serif; color: #000000; letter-spacing: normal; text-align: justify;\"><span lang=\"ES-CL\" style=\"font-family: Helvetica;\">SOBRE LA RECOPILACI\u00d3N, USO Y COMPARTIR<\/span><\/p><p class=\"MsoNormal\" style=\"margin: 0cm; font-size: 12pt; font-family: Cambria, serif; color: #000000; letter-spacing: normal; text-align: justify;\"><span lang=\"ES-CL\" style=\"font-family: Helvetica; color: red;\">\u00a0<\/span><\/p><p class=\"MsoNormal\" style=\"margin: 0cm; font-size: 12pt; font-family: Cambria, serif; color: #000000; letter-spacing: normal; text-align: justify;\"><span lang=\"ES-CL\" style=\"font-family: Helvetica; color: gray;\">Somos los \u00fanicos due\u00f1os de la informaci\u00f3n recolectada en este sitio. S\u00f3lo tenemos acceso a: recopilamos informaci\u00f3n que usted nos proporcione voluntariamente a trav\u00e9s de correo electr\u00f3nico u otro contacto directo de usted. No venderemos ni alquilaremos esta informaci\u00f3n a nadie.<\/span><\/p><p class=\"MsoNormal\" style=\"margin: 0cm; font-size: 12pt; font-family: Cambria, serif; color: #000000; letter-spacing: normal; text-align: justify;\"><span lang=\"ES-CL\" style=\"font-family: Helvetica; color: gray;\">\u00a0<\/span><\/p><p class=\"MsoNormal\" style=\"margin: 0cm; font-size: 12pt; font-family: Cambria, serif; color: #000000; letter-spacing: normal; text-align: justify;\"><span lang=\"ES-CL\" style=\"font-family: Helvetica; color: gray;\">Usaremos su informaci\u00f3n para responder a usted, respecto a la raz\u00f3n de que nos contacte. No compartiremos su informaci\u00f3n con terceros fuera de nuestra organizaci\u00f3n, salvo en lo necesario para cumplir con su solicitud, por ejemplo, para inscribirse en un torneo.<\/span><\/p><p class=\"MsoNormal\" style=\"margin: 0cm; font-size: 12pt; font-family: Cambria, serif; color: #000000; letter-spacing: normal; text-align: justify;\"><span lang=\"ES-CL\" style=\"font-family: Helvetica; color: gray;\">\u00a0<\/span><\/p><p class=\"MsoNormal\" style=\"margin: 0cm; font-size: 12pt; font-family: Cambria, serif; color: #000000; letter-spacing: normal; text-align: justify;\"><span lang=\"ES-CL\" style=\"font-family: Helvetica; color: gray;\">A menos que usted nos pida que no, podemos comunicarnos con usted por correo electr\u00f3nico en el futuro para informarle sobre nuevos productos o servicios, o cambios en esta pol\u00edtica de privacidad.<\/span><\/p><p class=\"MsoNormal\" style=\"margin: 0cm; font-size: 12pt; font-family: Cambria, serif; color: #000000; letter-spacing: normal; text-align: justify;\"><span lang=\"ES-CL\" style=\"font-family: Helvetica; color: gray;\">\u00a0<\/span><\/p><p class=\"MsoNormal\" style=\"margin: 0cm; font-size: 12pt; font-family: Cambria, serif; color: #000000; letter-spacing: normal; text-align: justify;\"><span lang=\"ES-CL\" style=\"font-family: Helvetica;\">SU ACCESO Y CONTROL SOBRE LA INFORMACI\u00d3N<\/span><\/p><p class=\"MsoNormal\" style=\"margin: 0cm; font-size: 12pt; font-family: Cambria, serif; color: #000000; letter-spacing: normal; text-align: justify;\"><span lang=\"ES-CL\" style=\"font-family: Helvetica; color: red;\">\u00a0<\/span><\/p><p class=\"MsoNormal\" style=\"margin: 0cm; font-size: 12pt; font-family: Cambria, serif; color: #000000; letter-spacing: normal; text-align: justify;\"><span lang=\"ES-CL\" style=\"font-family: Helvetica; color: gray;\">Usted puede optar por cualquier contacto futuro con nosotros en cualquier momento. Usted puede hacer lo siguiente en cualquier momento poni\u00e9ndose en contacto con nosotros a trav\u00e9s del correo electr\u00f3nico o n\u00famero de tel\u00e9fono que aparecen en nuestra p\u00e1gina web:<\/span><\/p><p class=\"MsoNormal\" style=\"margin: 0cm; font-size: 12pt; font-family: Cambria, serif; color: #000000; letter-spacing: normal; text-align: justify;\"><span lang=\"ES-CL\" style=\"font-family: Helvetica; color: gray;\">\u00a0<\/span><\/p><p class=\"MsoNormal\" style=\"margin: 0cm; font-size: 12pt; font-family: Cambria, serif; color: #000000; letter-spacing: normal; text-align: justify;\"><span lang=\"ES-CL\" style=\"font-family: Helvetica; color: gray;\">Consulte los datos que tenemos sobre usted, en su caso.<\/span><\/p><p class=\"MsoNormal\" style=\"margin: 0cm; font-size: 12pt; font-family: Cambria, serif; color: #000000; letter-spacing: normal; text-align: justify;\"><span lang=\"ES-CL\" style=\"font-family: Helvetica; color: gray;\">Cambiar \/ corregir cualquier dato que tengamos sobre usted.<\/span><\/p><p class=\"MsoNormal\" style=\"margin: 0cm; font-size: 12pt; font-family: Cambria, serif; color: #000000; letter-spacing: normal; text-align: justify;\"><span lang=\"ES-CL\" style=\"font-family: Helvetica; color: gray;\">Solicitar que eliminemos los datos que tenemos sobre usted.<\/span><\/p><p class=\"MsoNormal\" style=\"margin: 0cm; font-size: 12pt; font-family: Cambria, serif; color: #000000; letter-spacing: normal; text-align: justify;\"><span lang=\"ES-CL\" style=\"font-family: Helvetica; color: gray;\">Expresar cualquier preocupaci\u00f3n que tenga sobre nuestro uso de sus datos.<\/span><\/p><p class=\"MsoNormal\" style=\"margin: 0cm; font-size: 12pt; font-family: Cambria, serif; color: #000000; letter-spacing: normal; text-align: justify;\"><span lang=\"ES-CL\" style=\"font-family: Helvetica; color: red;\">\u00a0<\/span><\/p><p class=\"MsoNormal\" style=\"margin: 0cm; font-size: 12pt; font-family: Cambria, serif; color: #000000; letter-spacing: normal; text-align: justify;\"><span lang=\"ES-CL\" style=\"font-family: Helvetica;\">SEGURIDAD<\/span><\/p><p class=\"MsoNormal\" style=\"margin: 0cm; font-size: 12pt; font-family: Cambria, serif; color: #000000; letter-spacing: normal; text-align: justify;\"><span lang=\"ES-CL\" style=\"font-family: Helvetica; color: gray;\">\u00a0<\/span><\/p><p class=\"MsoNormal\" style=\"margin: 0cm; font-size: 12pt; font-family: Cambria, serif; color: #000000; letter-spacing: normal; text-align: justify;\"><span lang=\"ES-CL\" style=\"font-family: Helvetica; color: gray;\">Tomamos precauciones para proteger su informaci\u00f3n. Cuando usted env\u00eda informaci\u00f3n sensible a trav\u00e9s del sitio web, su informaci\u00f3n est\u00e1 protegida tanto en l\u00ednea como fuera de l\u00ednea.<\/span><\/p><p class=\"MsoNormal\" style=\"margin: 0cm; font-size: 12pt; font-family: Cambria, serif; color: #000000; letter-spacing: normal; text-align: justify;\"><span lang=\"ES-CL\" style=\"font-family: Helvetica; color: gray;\">\u00a0<\/span><\/p><p class=\"MsoNormal\" style=\"margin: 0cm; font-size: 12pt; font-family: Cambria, serif; color: #000000; letter-spacing: normal; text-align: justify;\"><span lang=\"ES-CL\" style=\"font-family: Helvetica; color: gray;\">Dondequiera que recopilamos informaci\u00f3n confidencial (como datos de tarjetas de cr\u00e9dito), esa informaci\u00f3n es encriptada y transmitida a nosotros de una manera segura. Usted puede verificar esto buscando un icono de candado cerrado en la parte inferior de su navegador web, o buscando \u201chttps\u201d al principio de la direcci\u00f3n de la p\u00e1gina web.<\/span><\/p><p class=\"MsoNormal\" style=\"margin: 0cm; font-size: 12pt; font-family: Cambria, serif; color: #000000; letter-spacing: normal; text-align: justify;\"><span lang=\"ES-CL\" style=\"font-family: Helvetica; color: gray;\">\u00a0<\/span><\/p><p class=\"MsoNormal\" style=\"margin: 0cm; font-size: 12pt; font-family: Cambria, serif; color: #000000; letter-spacing: normal; text-align: justify;\"><span lang=\"ES-CL\" style=\"font-family: Helvetica; color: gray;\">Mientras que utilizamos el cifrado para proteger la informaci\u00f3n confidencial transmitida en l\u00ednea, tambi\u00e9n protegemos su informaci\u00f3n fuera de l\u00ednea. S\u00f3lo los empleados que necesitan la informaci\u00f3n para realizar un trabajo espec\u00edfico (por ejemplo, facturaci\u00f3n o servicio al cliente) tienen acceso a la informaci\u00f3n de identificaci\u00f3n personal. Los ordenadores \/ servidores en los que almacenamos informaci\u00f3n de identificaci\u00f3n personal se mantienen en un entorno seguro.<\/span><\/p><p class=\"MsoNormal\" style=\"margin: 0cm; font-size: 12pt; font-family: Cambria, serif; color: #000000; letter-spacing: normal; text-align: justify;\"><span lang=\"ES-CL\" style=\"font-family: Helvetica; color: gray;\">\u00a0<\/span><\/p><p class=\"MsoNormal\" style=\"margin: 0cm; font-size: 12pt; font-family: Cambria, serif; color: #000000; letter-spacing: normal; text-align: justify;\"><span lang=\"ES-CL\" style=\"font-family: Helvetica;\">ENLACES<\/span><\/p><p class=\"MsoNormal\" style=\"margin: 0cm; font-size: 12pt; font-family: Cambria, serif; color: #000000; letter-spacing: normal; text-align: justify;\"><span lang=\"ES-CL\" style=\"font-family: Helvetica; color: gray;\">\u00a0<\/span><\/p><p class=\"MsoNormal\" style=\"margin: 0cm; font-size: 12pt; font-family: Cambria, serif; color: #000000; letter-spacing: normal; text-align: justify;\"><span lang=\"ES-CL\" style=\"font-family: Helvetica; color: gray;\">Este sitio web contiene enlaces a otros sitios. Tenga en cuenta que no somos responsables de las pr\u00e1cticas de privacidad o el contenido de dichos sitios. Animamos a nuestros usuarios que est\u00e9n enterados cuando salen de nuestro sitio y leer las declaraciones de privacidad de cualquier otro sitio que recopila informaci\u00f3n de identificaci\u00f3n personal.<\/span><\/p><p class=\"MsoNormal\" style=\"margin: 0cm; font-size: 12pt; font-family: Cambria, serif; color: #000000; letter-spacing: normal; text-align: justify;\"><span lang=\"ES-CL\" style=\"font-family: Helvetica; color: gray;\">\u00a0<\/span><\/p><p class=\"MsoNormal\" style=\"margin: 0cm; font-size: 12pt; font-family: Cambria, serif; color: #000000; letter-spacing: normal; text-align: justify;\"><span lang=\"ES-CL\" style=\"font-family: Helvetica;\">ACTUALIZACIONES<\/span><\/p><p class=\"MsoNormal\" style=\"margin: 0cm; font-size: 12pt; font-family: Cambria, serif; color: #000000; letter-spacing: normal; text-align: justify;\"><span lang=\"ES-CL\" style=\"font-family: Helvetica; color: red;\">\u00a0<\/span><\/p><p class=\"MsoNormal\" style=\"margin: 0cm; font-size: 12pt; font-family: Cambria, serif; color: #000000; letter-spacing: normal; text-align: justify;\"><span lang=\"ES-CL\" style=\"font-family: Helvetica; color: gray;\">Nuestra Pol\u00edtica de Privacidad puede cambiar de vez en cuando y todas las actualizaciones se publicar\u00e1n en esta p\u00e1gina.<\/span><\/p><p class=\"MsoNormal\" style=\"margin: 0cm; font-size: 12pt; font-family: Cambria, serif; color: #000000; letter-spacing: normal; text-align: justify;\"><span lang=\"ES-CL\" style=\"font-family: Helvetica; color: gray;\">\u00a0<\/span><\/p><p class=\"MsoNormal\" style=\"margin: 0cm; font-size: 12pt; font-family: Cambria, serif; color: #000000; letter-spacing: normal; text-align: justify;\"><span lang=\"ES-CL\" style=\"font-family: Helvetica; color: gray;\">Si usted siente que no estamos cumpliendo con esta pol\u00edtica de privacidad, usted debe ponerse en contacto con nosotros inmediatamente al correo contacto@umbrella7.cl<\/span><\/p>\t\t\t\t\t\t<\/div>\n\t\t\t\t<\/div>\n\t\t\t\t\t<\/div>\n\t\t<\/div>\n\t\t\t\t\t<\/div>\n\t\t<\/section>\n\t\t\t\t<\/div>","protected":false},"excerpt":{"rendered":"<p>Umbrella7 valora su privacidad y estamos comprometidos a proteger la informaci\u00f3n personal que recogemos en el transcurso de nuestra relaci\u00f3n comercial con&hellip;<\/p>","protected":false},"author":300,"featured_media":0,"parent":0,"menu_order":0,"comment_status":"closed","ping_status":"closed","template":"","meta":{"footnotes":""},"_links":{"self":[{"href":"https:\/\/umbrella7.cl\/en\/wp-json\/wp\/v2\/pages\/2968"}],"collection":[{"href":"https:\/\/umbrella7.cl\/en\/wp-json\/wp\/v2\/pages"}],"about":[{"href":"https:\/\/umbrella7.cl\/en\/wp-json\/wp\/v2\/types\/page"}],"author":[{"embeddable":true,"href":"https:\/\/umbrella7.cl\/en\/wp-json\/wp\/v2\/users\/300"}],"replies":[{"embeddable":true,"href":"https:\/\/umbrella7.cl\/en\/wp-json\/wp\/v2\/comments?post=2968"}],"version-history":[{"count":0,"href":"https:\/\/umbrella7.cl\/en\/wp-json\/wp\/v2\/pages\/2968\/revisions"}],"wp:attachment":[{"href":"https:\/\/umbrella7.cl\/en\/wp-json\/wp\/v2\/media?parent=2968"}],"curies":[{"name":"wp","href":"https:\/\/api.w.org\/{rel}","templated":true}]}}