{"id":2586,"date":"2020-10-18T13:07:58","date_gmt":"2020-10-18T16:07:58","guid":{"rendered":"https:\/\/parkofideas.com\/luchiana\/demo\/?page_id=8"},"modified":"2025-10-06T21:17:46","modified_gmt":"2025-10-07T00:17:46","slug":"donde_encontrarnos","status":"publish","type":"page","link":"https:\/\/umbrella7.cl\/en\/donde_encontrarnos\/","title":{"rendered":"Where to find us?"},"content":{"rendered":"<div data-elementor-type=\"wp-page\" data-elementor-id=\"2586\" class=\"elementor elementor-2586\">\n\t\t\t\t\t\t<section class=\"elementor-section elementor-top-section elementor-element elementor-element-665300a elementor-section-boxed elementor-section-height-default elementor-section-height-default\" data-id=\"665300a\" data-element_type=\"section\">\n\t\t\t\t\t\t<div class=\"elementor-container elementor-column-gap-default\">\n\t\t\t\t\t<div class=\"elementor-column elementor-col-100 elementor-top-column elementor-element elementor-element-f1d8170\" data-id=\"f1d8170\" data-element_type=\"column\">\n\t\t\t<div class=\"elementor-widget-wrap elementor-element-populated\">\n\t\t\t\t\t\t<div class=\"elementor-element elementor-element-69240a0 elementor-widget elementor-widget-spacer\" data-id=\"69240a0\" data-element_type=\"widget\" data-widget_type=\"spacer.default\">\n\t\t\t\t<div class=\"elementor-widget-container\">\n\t\t\t\t\t<div class=\"elementor-spacer\">\n\t\t\t<div class=\"elementor-spacer-inner\"><\/div>\n\t\t<\/div>\n\t\t\t\t<\/div>\n\t\t\t\t<\/div>\n\t\t\t\t\t<\/div>\n\t\t<\/div>\n\t\t\t\t\t<\/div>\n\t\t<\/section>\n\t\t\t\t<section class=\"elementor-section elementor-top-section elementor-element elementor-element-2ee6dd0 elementor-section-boxed elementor-section-height-default elementor-section-height-default\" data-id=\"2ee6dd0\" data-element_type=\"section\" data-settings=\"{&quot;background_background&quot;:&quot;classic&quot;}\">\n\t\t\t\t\t\t<div class=\"elementor-container elementor-column-gap-default\">\n\t\t\t\t\t<div class=\"elementor-column elementor-col-100 elementor-top-column elementor-element elementor-element-c0d8eef\" data-id=\"c0d8eef\" data-element_type=\"column\">\n\t\t\t<div class=\"elementor-widget-wrap elementor-element-populated\">\n\t\t\t\t\t\t<div class=\"elementor-element elementor-element-dc5b532 elementor-widget elementor-widget-spacer\" data-id=\"dc5b532\" data-element_type=\"widget\" data-widget_type=\"spacer.default\">\n\t\t\t\t<div class=\"elementor-widget-container\">\n\t\t\t\t\t<div class=\"elementor-spacer\">\n\t\t\t<div class=\"elementor-spacer-inner\"><\/div>\n\t\t<\/div>\n\t\t\t\t<\/div>\n\t\t\t\t<\/div>\n\t\t\t\t\t<\/div>\n\t\t<\/div>\n\t\t\t\t\t<\/div>\n\t\t<\/section>\n\t\t\t\t<section class=\"elementor-section elementor-top-section elementor-element elementor-element-9d8a318 elementor-section-boxed elementor-section-height-default elementor-section-height-default\" data-id=\"9d8a318\" data-element_type=\"section\" data-settings=\"{&quot;background_background&quot;:&quot;classic&quot;}\">\n\t\t\t\t\t\t<div class=\"elementor-container elementor-column-gap-default\">\n\t\t\t\t\t<div class=\"elementor-column elementor-col-100 elementor-top-column elementor-element elementor-element-f50048a\" data-id=\"f50048a\" data-element_type=\"column\">\n\t\t\t<div class=\"elementor-widget-wrap elementor-element-populated\">\n\t\t\t\t\t\t<div class=\"elementor-element elementor-element-a3247a2 elementor-widget elementor-widget-text-editor\" data-id=\"a3247a2\" data-element_type=\"widget\" data-widget_type=\"text-editor.default\">\n\t\t\t\t<div class=\"elementor-widget-container\">\n\t\t\t\t\t\t\t<p>Las marcas Bio-Oil, SUNLY, OCEANLY, BABY LEAVES, XHEKPON y Ohlal\u00e1 de Umbrella7 se encuentran disponibles en Cadenas de Farmacias, Farmacias Independientes, Cl\u00ednicas Dermat\u00f3logicas, Supermercado y&nbsp; Venta online. Recomendamos llamar&nbsp; a la farmacia de su preferencia para conocer exactamente en cuales locales podr\u00e1 encontrar los productos.<\/p>\n<p>Tambi\u00e9n puedes comprar directamente en nuestra tienda online:&nbsp;<\/p>\t\t\t\t\t\t<\/div>\n\t\t\t\t<\/div>\n\t\t\t\t<div class=\"elementor-element elementor-element-255b2ad elementor-align-center elementor-widget elementor-widget-button\" data-id=\"255b2ad\" data-element_type=\"widget\" data-widget_type=\"button.default\">\n\t\t\t\t<div class=\"elementor-widget-container\">\n\t\t\t\t\t<div class=\"elementor-button-wrapper\">\n\t\t\t<a class=\"elementor-button elementor-button-link elementor-size-sm\" href=\"https:\/\/umbrella7store.cl\/\">\n\t\t\t\t\t\t<span class=\"elementor-button-content-wrapper\">\n\t\t\t\t\t\t\t\t\t<span class=\"elementor-button-text\">Umbrella7 Store<\/span>\n\t\t\t\t\t<\/span>\n\t\t\t\t\t<\/a>\n\t\t<\/div>\n\t\t\t\t<\/div>\n\t\t\t\t<\/div>\n\t\t\t\t<div class=\"elementor-element elementor-element-852ca91 elementor-widget elementor-widget-spacer\" data-id=\"852ca91\" data-element_type=\"widget\" data-widget_type=\"spacer.default\">\n\t\t\t\t<div class=\"elementor-widget-container\">\n\t\t\t\t\t<div class=\"elementor-spacer\">\n\t\t\t<div class=\"elementor-spacer-inner\"><\/div>\n\t\t<\/div>\n\t\t\t\t<\/div>\n\t\t\t\t<\/div>\n\t\t\t\t\t<\/div>\n\t\t<\/div>\n\t\t\t\t\t<\/div>\n\t\t<\/section>\n\t\t\t\t<section class=\"elementor-section elementor-top-section elementor-element elementor-element-2c70238 elementor-section-boxed elementor-section-height-default elementor-section-height-default\" data-id=\"2c70238\" data-element_type=\"section\">\n\t\t\t\t\t\t<div class=\"elementor-container elementor-column-gap-default\">\n\t\t\t\t\t<div class=\"elementor-column elementor-col-100 elementor-top-column elementor-element elementor-element-14e5556\" data-id=\"14e5556\" data-element_type=\"column\">\n\t\t\t<div class=\"elementor-widget-wrap\">\n\t\t\t\t\t\t\t<\/div>\n\t\t<\/div>\n\t\t\t\t\t<\/div>\n\t\t<\/section>\n\t\t\t\t<section class=\"elementor-section elementor-top-section elementor-element elementor-element-d20ff33 elementor-section-boxed elementor-section-height-default elementor-section-height-default\" data-id=\"d20ff33\" data-element_type=\"section\">\n\t\t\t\t\t\t<div class=\"elementor-container elementor-column-gap-default\">\n\t\t\t\t\t<div class=\"elementor-column elementor-col-20 elementor-top-column elementor-element elementor-element-d48a699\" data-id=\"d48a699\" data-element_type=\"column\">\n\t\t\t<div class=\"elementor-widget-wrap elementor-element-populated\">\n\t\t\t\t\t\t<div class=\"elementor-element elementor-element-5bfb6a9 elementor-widget elementor-widget-image\" data-id=\"5bfb6a9\" data-element_type=\"widget\" data-widget_type=\"image.default\">\n\t\t\t\t<div class=\"elementor-widget-container\">\n\t\t\t\t\t\t\t\t\t\t\t\t\t\t<a href=\"https:\/\/listado.mercadolibre.cl\/_CustId_643901830?item_id=MLC1902126268&#038;category_id=MLC392701&#038;seller_id=643901830&#038;client=recoview-selleritems&#038;recos_listing=true\" target=\"_blank\">\n\t\t\t\t\t\t\t<img decoding=\"async\" src=\"https:\/\/umbrella7.cl\/wp-content\/uploads\/2024\/03\/soytendencia.png\" title=\"soytendencia\" alt=\"\" loading=\"lazy\" \/>\t\t\t\t\t\t\t\t<\/a>\n\t\t\t\t\t\t\t\t\t\t\t\t\t<\/div>\n\t\t\t\t<\/div>\n\t\t\t\t\t<\/div>\n\t\t<\/div>\n\t\t\t\t<div class=\"elementor-column elementor-col-20 elementor-top-column elementor-element elementor-element-378cfbd\" data-id=\"378cfbd\" data-element_type=\"column\">\n\t\t\t<div class=\"elementor-widget-wrap elementor-element-populated\">\n\t\t\t\t\t\t<div class=\"elementor-element elementor-element-25f16a6 elementor-widget elementor-widget-image\" data-id=\"25f16a6\" data-element_type=\"widget\" data-widget_type=\"image.default\">\n\t\t\t\t<div class=\"elementor-widget-container\">\n\t\t\t\t\t\t\t\t\t\t\t\t\t\t<a href=\"https:\/\/www.cruzverde.cl\/search?query=spectral\" target=\"_blank\">\n\t\t\t\t\t\t\t<img decoding=\"async\" src=\"https:\/\/umbrella7.cl\/wp-content\/uploads\/elementor\/thumbs\/cruzverdelogo-qgtudq0c718zkypd11faewz5hm7uyp5zhwglpjufio.png\" title=\"cruzverdelogo\" alt=\"\" loading=\"lazy\" \/>\t\t\t\t\t\t\t\t<\/a>\n\t\t\t\t\t\t\t\t\t\t\t\t\t<\/div>\n\t\t\t\t<\/div>\n\t\t\t\t\t<\/div>\n\t\t<\/div>\n\t\t\t\t<div class=\"elementor-column elementor-col-20 elementor-top-column elementor-element elementor-element-690dd1a\" data-id=\"690dd1a\" data-element_type=\"column\">\n\t\t\t<div class=\"elementor-widget-wrap elementor-element-populated\">\n\t\t\t\t\t\t<div class=\"elementor-element elementor-element-d56b658 elementor-widget elementor-widget-image\" data-id=\"d56b658\" data-element_type=\"widget\" data-widget_type=\"image.default\">\n\t\t\t\t<div class=\"elementor-widget-container\">\n\t\t\t\t\t\t\t\t\t\t\t\t\t<img decoding=\"async\" src=\"https:\/\/umbrella7.cl\/wp-content\/uploads\/elementor\/thumbs\/Logo_Salcobrand-qgtu6p5l1booru3yyxsspskci9rz5c7lg614v3v7uw.png\" title=\"Logo_Salcobrand\" alt=\"\" loading=\"lazy\" \/>\t\t\t\t\t\t\t\t\t\t\t\t\t<\/div>\n\t\t\t\t<\/div>\n\t\t\t\t\t<\/div>\n\t\t<\/div>\n\t\t\t\t<div class=\"elementor-column elementor-col-20 elementor-top-column elementor-element elementor-element-6342ada\" data-id=\"6342ada\" data-element_type=\"column\">\n\t\t\t<div class=\"elementor-widget-wrap elementor-element-populated\">\n\t\t\t\t\t\t<div class=\"elementor-element elementor-element-4aa16e0 elementor-widget elementor-widget-image\" data-id=\"4aa16e0\" data-element_type=\"widget\" data-widget_type=\"image.default\">\n\t\t\t\t<div class=\"elementor-widget-container\">\n\t\t\t\t\t\t\t\t\t\t\t\t\t<img fetchpriority=\"high\" decoding=\"async\" width=\"500\" height=\"476\" src=\"https:\/\/umbrella7.cl\/wp-content\/uploads\/2024\/03\/knop.png\" class=\"attachment-large size-large wp-image-7168\" alt=\"\" srcset=\"https:\/\/umbrella7.cl\/wp-content\/uploads\/2024\/03\/knop.png 500w, https:\/\/umbrella7.cl\/wp-content\/uploads\/2024\/03\/knop-460x438.png 460w, https:\/\/umbrella7.cl\/wp-content\/uploads\/2024\/03\/knop-13x12.png 13w, https:\/\/umbrella7.cl\/wp-content\/uploads\/2024\/03\/knop-152x145.png 152w, https:\/\/umbrella7.cl\/wp-content\/uploads\/2024\/03\/knop-305x290.png 305w\" sizes=\"(max-width: 500px) 100vw, 500px\" \/>\t\t\t\t\t\t\t\t\t\t\t\t\t<\/div>\n\t\t\t\t<\/div>\n\t\t\t\t\t<\/div>\n\t\t<\/div>\n\t\t\t\t<div class=\"elementor-column elementor-col-20 elementor-top-column elementor-element elementor-element-44259d8\" data-id=\"44259d8\" data-element_type=\"column\">\n\t\t\t<div class=\"elementor-widget-wrap elementor-element-populated\">\n\t\t\t\t\t\t<div class=\"elementor-element elementor-element-d9bccb4 elementor-widget elementor-widget-image\" data-id=\"d9bccb4\" data-element_type=\"widget\" data-widget_type=\"image.default\">\n\t\t\t\t<div class=\"elementor-widget-container\">\n\t\t\t\t\t\t\t\t\t\t\t\t\t<img decoding=\"async\" width=\"500\" height=\"476\" src=\"https:\/\/umbrella7.cl\/wp-content\/uploads\/2024\/03\/cruz-de-oro.png\" class=\"attachment-large size-large wp-image-7172\" alt=\"\" srcset=\"https:\/\/umbrella7.cl\/wp-content\/uploads\/2024\/03\/cruz-de-oro.png 500w, https:\/\/umbrella7.cl\/wp-content\/uploads\/2024\/03\/cruz-de-oro-460x438.png 460w, https:\/\/umbrella7.cl\/wp-content\/uploads\/2024\/03\/cruz-de-oro-13x12.png 13w, https:\/\/umbrella7.cl\/wp-content\/uploads\/2024\/03\/cruz-de-oro-152x145.png 152w, https:\/\/umbrella7.cl\/wp-content\/uploads\/2024\/03\/cruz-de-oro-305x290.png 305w\" sizes=\"(max-width: 500px) 100vw, 500px\" \/>\t\t\t\t\t\t\t\t\t\t\t\t\t<\/div>\n\t\t\t\t<\/div>\n\t\t\t\t\t<\/div>\n\t\t<\/div>\n\t\t\t\t\t<\/div>\n\t\t<\/section>\n\t\t\t\t<section class=\"elementor-section elementor-top-section elementor-element elementor-element-90ec165 elementor-section-boxed elementor-section-height-default elementor-section-height-default\" data-id=\"90ec165\" data-element_type=\"section\">\n\t\t\t\t\t\t<div class=\"elementor-container elementor-column-gap-default\">\n\t\t\t\t\t<div class=\"elementor-column elementor-col-25 elementor-top-column elementor-element elementor-element-2fc5fc8\" data-id=\"2fc5fc8\" data-element_type=\"column\">\n\t\t\t<div class=\"elementor-widget-wrap elementor-element-populated\">\n\t\t\t\t\t\t<div class=\"elementor-element elementor-element-a86b716 elementor-widget elementor-widget-image\" data-id=\"a86b716\" data-element_type=\"widget\" data-widget_type=\"image.default\">\n\t\t\t\t<div class=\"elementor-widget-container\">\n\t\t\t\t\t\t\t\t\t\t\t\t\t<img decoding=\"async\" width=\"500\" height=\"476\" src=\"https:\/\/umbrella7.cl\/wp-content\/uploads\/2024\/03\/mercadolibre.png\" class=\"attachment-large size-large wp-image-7165\" alt=\"\" srcset=\"https:\/\/umbrella7.cl\/wp-content\/uploads\/2024\/03\/mercadolibre.png 500w, https:\/\/umbrella7.cl\/wp-content\/uploads\/2024\/03\/mercadolibre-460x438.png 460w, https:\/\/umbrella7.cl\/wp-content\/uploads\/2024\/03\/mercadolibre-13x12.png 13w, https:\/\/umbrella7.cl\/wp-content\/uploads\/2024\/03\/mercadolibre-152x145.png 152w, https:\/\/umbrella7.cl\/wp-content\/uploads\/2024\/03\/mercadolibre-305x290.png 305w\" sizes=\"(max-width: 500px) 100vw, 500px\" \/>\t\t\t\t\t\t\t\t\t\t\t\t\t<\/div>\n\t\t\t\t<\/div>\n\t\t\t\t\t<\/div>\n\t\t<\/div>\n\t\t\t\t<div class=\"elementor-column elementor-col-25 elementor-top-column elementor-element elementor-element-85b2f35\" data-id=\"85b2f35\" data-element_type=\"column\">\n\t\t\t<div class=\"elementor-widget-wrap elementor-element-populated\">\n\t\t\t\t\t\t<div class=\"elementor-element elementor-element-7d12bca elementor-widget elementor-widget-image\" data-id=\"7d12bca\" data-element_type=\"widget\" data-widget_type=\"image.default\">\n\t\t\t\t<div class=\"elementor-widget-container\">\n\t\t\t\t\t\t\t\t\t\t\t\t\t<img loading=\"lazy\" decoding=\"async\" width=\"500\" height=\"476\" src=\"https:\/\/umbrella7.cl\/wp-content\/uploads\/2024\/03\/preunic.png\" class=\"attachment-large size-large wp-image-7164\" alt=\"\" srcset=\"https:\/\/umbrella7.cl\/wp-content\/uploads\/2024\/03\/preunic.png 500w, https:\/\/umbrella7.cl\/wp-content\/uploads\/2024\/03\/preunic-460x438.png 460w, https:\/\/umbrella7.cl\/wp-content\/uploads\/2024\/03\/preunic-13x12.png 13w, https:\/\/umbrella7.cl\/wp-content\/uploads\/2024\/03\/preunic-152x145.png 152w, https:\/\/umbrella7.cl\/wp-content\/uploads\/2024\/03\/preunic-305x290.png 305w\" sizes=\"(max-width: 500px) 100vw, 500px\" \/>\t\t\t\t\t\t\t\t\t\t\t\t\t<\/div>\n\t\t\t\t<\/div>\n\t\t\t\t\t<\/div>\n\t\t<\/div>\n\t\t\t\t<div class=\"elementor-column elementor-col-25 elementor-top-column elementor-element elementor-element-648b083\" data-id=\"648b083\" data-element_type=\"column\">\n\t\t\t<div class=\"elementor-widget-wrap elementor-element-populated\">\n\t\t\t\t\t\t<div class=\"elementor-element elementor-element-d086467 elementor-widget elementor-widget-image\" data-id=\"d086467\" data-element_type=\"widget\" data-widget_type=\"image.default\">\n\t\t\t\t<div class=\"elementor-widget-container\">\n\t\t\t\t\t\t\t\t\t\t\t\t\t<img loading=\"lazy\" decoding=\"async\" width=\"500\" height=\"476\" src=\"https:\/\/umbrella7.cl\/wp-content\/uploads\/2024\/03\/ahumada.png\" class=\"attachment-large size-large wp-image-7175\" alt=\"\" srcset=\"https:\/\/umbrella7.cl\/wp-content\/uploads\/2024\/03\/ahumada.png 500w, https:\/\/umbrella7.cl\/wp-content\/uploads\/2024\/03\/ahumada-460x438.png 460w, https:\/\/umbrella7.cl\/wp-content\/uploads\/2024\/03\/ahumada-13x12.png 13w, https:\/\/umbrella7.cl\/wp-content\/uploads\/2024\/03\/ahumada-152x145.png 152w, https:\/\/umbrella7.cl\/wp-content\/uploads\/2024\/03\/ahumada-305x290.png 305w\" sizes=\"(max-width: 500px) 100vw, 500px\" \/>\t\t\t\t\t\t\t\t\t\t\t\t\t<\/div>\n\t\t\t\t<\/div>\n\t\t\t\t\t<\/div>\n\t\t<\/div>\n\t\t\t\t<div class=\"elementor-column elementor-col-25 elementor-top-column elementor-element elementor-element-f86045e\" data-id=\"f86045e\" data-element_type=\"column\">\n\t\t\t<div class=\"elementor-widget-wrap elementor-element-populated\">\n\t\t\t\t\t\t<div class=\"elementor-element elementor-element-27accf1 elementor-widget elementor-widget-image\" data-id=\"27accf1\" data-element_type=\"widget\" data-widget_type=\"image.default\">\n\t\t\t\t<div class=\"elementor-widget-container\">\n\t\t\t\t\t\t\t\t\t\t\t\t\t<img loading=\"lazy\" decoding=\"async\" width=\"500\" height=\"476\" src=\"https:\/\/umbrella7.cl\/wp-content\/uploads\/2024\/03\/dermofar.png\" class=\"attachment-large size-large wp-image-7166\" alt=\"\" srcset=\"https:\/\/umbrella7.cl\/wp-content\/uploads\/2024\/03\/dermofar.png 500w, https:\/\/umbrella7.cl\/wp-content\/uploads\/2024\/03\/dermofar-460x438.png 460w, https:\/\/umbrella7.cl\/wp-content\/uploads\/2024\/03\/dermofar-13x12.png 13w, https:\/\/umbrella7.cl\/wp-content\/uploads\/2024\/03\/dermofar-152x145.png 152w, https:\/\/umbrella7.cl\/wp-content\/uploads\/2024\/03\/dermofar-305x290.png 305w\" sizes=\"(max-width: 500px) 100vw, 500px\" \/>\t\t\t\t\t\t\t\t\t\t\t\t\t<\/div>\n\t\t\t\t<\/div>\n\t\t\t\t\t<\/div>\n\t\t<\/div>\n\t\t\t\t\t<\/div>\n\t\t<\/section>\n\t\t\t\t<section class=\"elementor-section elementor-top-section elementor-element elementor-element-44209fe elementor-section-boxed elementor-section-height-default elementor-section-height-default\" data-id=\"44209fe\" data-element_type=\"section\">\n\t\t\t\t\t\t<div class=\"elementor-container elementor-column-gap-default\">\n\t\t\t\t\t<div class=\"elementor-column elementor-col-20 elementor-top-column elementor-element elementor-element-efe8a0f\" data-id=\"efe8a0f\" data-element_type=\"column\">\n\t\t\t<div class=\"elementor-widget-wrap elementor-element-populated\">\n\t\t\t\t\t\t<div class=\"elementor-element elementor-element-509d8ec elementor-widget elementor-widget-image\" data-id=\"509d8ec\" data-element_type=\"widget\" data-widget_type=\"image.default\">\n\t\t\t\t<div class=\"elementor-widget-container\">\n\t\t\t\t\t\t\t\t\t\t\t\t\t<img loading=\"lazy\" decoding=\"async\" width=\"500\" height=\"476\" src=\"https:\/\/umbrella7.cl\/wp-content\/uploads\/2024\/03\/maicao.png\" class=\"attachment-large size-large wp-image-7169\" alt=\"\" srcset=\"https:\/\/umbrella7.cl\/wp-content\/uploads\/2024\/03\/maicao.png 500w, https:\/\/umbrella7.cl\/wp-content\/uploads\/2024\/03\/maicao-460x438.png 460w, https:\/\/umbrella7.cl\/wp-content\/uploads\/2024\/03\/maicao-13x12.png 13w, https:\/\/umbrella7.cl\/wp-content\/uploads\/2024\/03\/maicao-152x145.png 152w, https:\/\/umbrella7.cl\/wp-content\/uploads\/2024\/03\/maicao-305x290.png 305w\" sizes=\"(max-width: 500px) 100vw, 500px\" \/>\t\t\t\t\t\t\t\t\t\t\t\t\t<\/div>\n\t\t\t\t<\/div>\n\t\t\t\t\t<\/div>\n\t\t<\/div>\n\t\t\t\t<div class=\"elementor-column elementor-col-20 elementor-top-column elementor-element elementor-element-9c2055d\" data-id=\"9c2055d\" data-element_type=\"column\">\n\t\t\t<div class=\"elementor-widget-wrap elementor-element-populated\">\n\t\t\t\t\t\t<div class=\"elementor-element elementor-element-1f9672a elementor-widget elementor-widget-image\" data-id=\"1f9672a\" data-element_type=\"widget\" data-widget_type=\"image.default\">\n\t\t\t\t<div class=\"elementor-widget-container\">\n\t\t\t\t\t\t\t\t\t\t\t\t\t<img loading=\"lazy\" decoding=\"async\" width=\"500\" height=\"476\" src=\"https:\/\/umbrella7.cl\/wp-content\/uploads\/2024\/03\/boutique-de-la-piel-1.png\" class=\"attachment-large size-large wp-image-7179\" alt=\"\" srcset=\"https:\/\/umbrella7.cl\/wp-content\/uploads\/2024\/03\/boutique-de-la-piel-1.png 500w, https:\/\/umbrella7.cl\/wp-content\/uploads\/2024\/03\/boutique-de-la-piel-1-460x438.png 460w, https:\/\/umbrella7.cl\/wp-content\/uploads\/2024\/03\/boutique-de-la-piel-1-13x12.png 13w, https:\/\/umbrella7.cl\/wp-content\/uploads\/2024\/03\/boutique-de-la-piel-1-152x145.png 152w, https:\/\/umbrella7.cl\/wp-content\/uploads\/2024\/03\/boutique-de-la-piel-1-305x290.png 305w\" sizes=\"(max-width: 500px) 100vw, 500px\" \/>\t\t\t\t\t\t\t\t\t\t\t\t\t<\/div>\n\t\t\t\t<\/div>\n\t\t\t\t\t<\/div>\n\t\t<\/div>\n\t\t\t\t<div class=\"elementor-column elementor-col-20 elementor-top-column elementor-element elementor-element-f761fb3\" data-id=\"f761fb3\" data-element_type=\"column\">\n\t\t\t<div class=\"elementor-widget-wrap elementor-element-populated\">\n\t\t\t\t\t\t<div class=\"elementor-element elementor-element-a5d9ba9 elementor-widget elementor-widget-image\" data-id=\"a5d9ba9\" data-element_type=\"widget\" data-widget_type=\"image.default\">\n\t\t\t\t<div class=\"elementor-widget-container\">\n\t\t\t\t\t\t\t\t\t\t\t\t\t<img loading=\"lazy\" decoding=\"async\" width=\"500\" height=\"476\" src=\"https:\/\/umbrella7.cl\/wp-content\/uploads\/2024\/03\/jumbo.png\" class=\"attachment-large size-large wp-image-7167\" alt=\"\" srcset=\"https:\/\/umbrella7.cl\/wp-content\/uploads\/2024\/03\/jumbo.png 500w, https:\/\/umbrella7.cl\/wp-content\/uploads\/2024\/03\/jumbo-460x438.png 460w, https:\/\/umbrella7.cl\/wp-content\/uploads\/2024\/03\/jumbo-13x12.png 13w, https:\/\/umbrella7.cl\/wp-content\/uploads\/2024\/03\/jumbo-152x145.png 152w, https:\/\/umbrella7.cl\/wp-content\/uploads\/2024\/03\/jumbo-305x290.png 305w\" sizes=\"(max-width: 500px) 100vw, 500px\" \/>\t\t\t\t\t\t\t\t\t\t\t\t\t<\/div>\n\t\t\t\t<\/div>\n\t\t\t\t\t<\/div>\n\t\t<\/div>\n\t\t\t\t<div class=\"elementor-column elementor-col-20 elementor-top-column elementor-element elementor-element-8f115be\" data-id=\"8f115be\" data-element_type=\"column\">\n\t\t\t<div class=\"elementor-widget-wrap elementor-element-populated\">\n\t\t\t\t\t\t<div class=\"elementor-element elementor-element-1c56d00 elementor-widget elementor-widget-image\" data-id=\"1c56d00\" data-element_type=\"widget\" data-widget_type=\"image.default\">\n\t\t\t\t<div class=\"elementor-widget-container\">\n\t\t\t\t\t\t\t\t\t\t\t\t\t<img loading=\"lazy\" decoding=\"async\" width=\"500\" height=\"476\" src=\"https:\/\/umbrella7.cl\/wp-content\/uploads\/2024\/03\/carmen.png\" class=\"attachment-large size-large wp-image-7173\" alt=\"\" srcset=\"https:\/\/umbrella7.cl\/wp-content\/uploads\/2024\/03\/carmen.png 500w, https:\/\/umbrella7.cl\/wp-content\/uploads\/2024\/03\/carmen-460x438.png 460w, https:\/\/umbrella7.cl\/wp-content\/uploads\/2024\/03\/carmen-13x12.png 13w, https:\/\/umbrella7.cl\/wp-content\/uploads\/2024\/03\/carmen-152x145.png 152w, https:\/\/umbrella7.cl\/wp-content\/uploads\/2024\/03\/carmen-305x290.png 305w\" sizes=\"(max-width: 500px) 100vw, 500px\" \/>\t\t\t\t\t\t\t\t\t\t\t\t\t<\/div>\n\t\t\t\t<\/div>\n\t\t\t\t\t<\/div>\n\t\t<\/div>\n\t\t\t\t<div class=\"elementor-column elementor-col-20 elementor-top-column elementor-element elementor-element-7236aed\" data-id=\"7236aed\" data-element_type=\"column\">\n\t\t\t<div class=\"elementor-widget-wrap elementor-element-populated\">\n\t\t\t\t\t\t<div class=\"elementor-element elementor-element-91d93e7 elementor-widget elementor-widget-image\" data-id=\"91d93e7\" data-element_type=\"widget\" data-widget_type=\"image.default\">\n\t\t\t\t<div class=\"elementor-widget-container\">\n\t\t\t\t\t\t\t\t\t\t\t\t\t<img loading=\"lazy\" decoding=\"async\" width=\"500\" height=\"476\" src=\"https:\/\/umbrella7.cl\/wp-content\/uploads\/2024\/03\/medicalcenter.png\" class=\"attachment-large size-large wp-image-7170\" alt=\"\" srcset=\"https:\/\/umbrella7.cl\/wp-content\/uploads\/2024\/03\/medicalcenter.png 500w, https:\/\/umbrella7.cl\/wp-content\/uploads\/2024\/03\/medicalcenter-460x438.png 460w, https:\/\/umbrella7.cl\/wp-content\/uploads\/2024\/03\/medicalcenter-13x12.png 13w, https:\/\/umbrella7.cl\/wp-content\/uploads\/2024\/03\/medicalcenter-152x145.png 152w, https:\/\/umbrella7.cl\/wp-content\/uploads\/2024\/03\/medicalcenter-305x290.png 305w\" sizes=\"(max-width: 500px) 100vw, 500px\" \/>\t\t\t\t\t\t\t\t\t\t\t\t\t<\/div>\n\t\t\t\t<\/div>\n\t\t\t\t\t<\/div>\n\t\t<\/div>\n\t\t\t\t\t<\/div>\n\t\t<\/section>\n\t\t\t\t<section class=\"elementor-section elementor-top-section elementor-element elementor-element-50a6e40 elementor-section-boxed elementor-section-height-default elementor-section-height-default\" data-id=\"50a6e40\" data-element_type=\"section\">\n\t\t\t\t\t\t<div class=\"elementor-container elementor-column-gap-default\">\n\t\t\t\t\t<div class=\"elementor-column elementor-col-100 elementor-top-column elementor-element elementor-element-20fb5ad\" data-id=\"20fb5ad\" data-element_type=\"column\">\n\t\t\t<div class=\"elementor-widget-wrap elementor-element-populated\">\n\t\t\t\t\t\t<div class=\"elementor-element elementor-element-eba5108 elementor-widget elementor-widget-spacer\" data-id=\"eba5108\" data-element_type=\"widget\" data-widget_type=\"spacer.default\">\n\t\t\t\t<div class=\"elementor-widget-container\">\n\t\t\t\t\t<div class=\"elementor-spacer\">\n\t\t\t<div class=\"elementor-spacer-inner\"><\/div>\n\t\t<\/div>\n\t\t\t\t<\/div>\n\t\t\t\t<\/div>\n\t\t\t\t\t<\/div>\n\t\t<\/div>\n\t\t\t\t\t<\/div>\n\t\t<\/section>\n\t\t\t\t<\/div>","protected":false},"excerpt":{"rendered":"<p>Las marcas Bio-Oil, SUNLY, OCEANLY, BABY LEAVES, XHEKPON y Ohlal\u00e1 de Umbrella7 se encuentran disponibles en Cadenas de Farmacias, Farmacias Independientes, Cl\u00ednicas&hellip;<\/p>","protected":false},"author":300,"featured_media":0,"parent":0,"menu_order":0,"comment_status":"closed","ping_status":"closed","template":"elementor_header_footer","meta":{"footnotes":""},"_links":{"self":[{"href":"https:\/\/umbrella7.cl\/en\/wp-json\/wp\/v2\/pages\/2586"}],"collection":[{"href":"https:\/\/umbrella7.cl\/en\/wp-json\/wp\/v2\/pages"}],"about":[{"href":"https:\/\/umbrella7.cl\/en\/wp-json\/wp\/v2\/types\/page"}],"author":[{"embeddable":true,"href":"https:\/\/umbrella7.cl\/en\/wp-json\/wp\/v2\/users\/300"}],"replies":[{"embeddable":true,"href":"https:\/\/umbrella7.cl\/en\/wp-json\/wp\/v2\/comments?post=2586"}],"version-history":[{"count":48,"href":"https:\/\/umbrella7.cl\/en\/wp-json\/wp\/v2\/pages\/2586\/revisions"}],"predecessor-version":[{"id":8490,"href":"https:\/\/umbrella7.cl\/en\/wp-json\/wp\/v2\/pages\/2586\/revisions\/8490"}],"wp:attachment":[{"href":"https:\/\/umbrella7.cl\/en\/wp-json\/wp\/v2\/media?parent=2586"}],"curies":[{"name":"wp","href":"https:\/\/api.w.org\/{rel}","templated":true}]}}